{"id":20,"date":"2019-07-04T09:11:36","date_gmt":"2019-07-04T09:11:36","guid":{"rendered":"https:\/\/jupiterx.artbees.net\/energy\/?page_id=20"},"modified":"2020-09-16T06:57:43","modified_gmt":"2020-09-16T06:57:43","slug":"about-us","status":"publish","type":"page","link":"http:\/\/www.rauyachts.com\/tr\/about-us\/","title":{"rendered":"Hakk\u0131m\u0131zda"},"content":{"rendered":"<div data-elementor-type=\"wp-post\" data-elementor-id=\"20\" class=\"elementor elementor-20\" data-elementor-settings=\"[]\">\n\t\t\t\t\t\t\t<div class=\"elementor-section-wrap\">\n\t\t\t\t\t\t\t<section class=\"elementor-section elementor-top-section elementor-element elementor-element-d402f04 elementor-section-stretched elementor-section-full_width elementor-section-height-default elementor-section-height-default\" data-id=\"d402f04\" data-element_type=\"section\" data-settings=\"{&quot;stretch_section&quot;:&quot;section-stretched&quot;,&quot;background_background&quot;:&quot;classic&quot;}\">\n\t\t\t\t\t\t<div class=\"elementor-container elementor-column-gap-default\">\n\t\t\t\t\t<div class=\"aux-parallax-section elementor-column elementor-col-50 elementor-top-column elementor-element elementor-element-7736ffc\" data-id=\"7736ffc\" data-element_type=\"column\">\n\t\t\t<div class=\"elementor-widget-wrap elementor-element-populated\">\n\t\t\t\t\t\t\t\t<div class=\"elementor-element elementor-element-15f88a1 elementor-widget elementor-widget-image\" data-id=\"15f88a1\" data-element_type=\"widget\" data-widget_type=\"image.default\">\n\t\t\t\t<div class=\"elementor-widget-container\">\n\t\t\t<style>\/*! elementor - v3.5.5 - 03-02-2022 *\/\n.elementor-widget-image{text-align:center}.elementor-widget-image a{display:inline-block}.elementor-widget-image a img[src$=\".svg\"]{width:48px}.elementor-widget-image img{vertical-align:middle;display:inline-block}<\/style>\t\t\t\t\t\t\t\t\t\t\t\t<img width=\"2000\" height=\"1454\" src=\"http:\/\/www.rauyachts.com\/wp-content\/uploads\/2020\/06\/cephe-calisma.jpg\" class=\"attachment-full size-full\" alt=\"\" loading=\"lazy\" srcset=\"http:\/\/www.rauyachts.com\/wp-content\/uploads\/2020\/06\/cephe-calisma.jpg 2000w, http:\/\/www.rauyachts.com\/wp-content\/uploads\/2020\/06\/cephe-calisma-1536x1117.jpg 1536w\" sizes=\"(max-width: 2000px) 100vw, 2000px\" \/>\t\t\t\t\t\t\t\t\t\t\t\t\t\t\t<\/div>\n\t\t\t\t<\/div>\n\t\t\t\t\t<\/div>\n\t\t<\/div>\n\t\t\t\t<div class=\"aux-parallax-section elementor-column elementor-col-50 elementor-top-column elementor-element elementor-element-867fdfb\" data-id=\"867fdfb\" data-element_type=\"column\">\n\t\t\t<div class=\"elementor-widget-wrap elementor-element-populated\">\n\t\t\t\t\t\t\t\t<div class=\"elementor-element elementor-element-faf54f5 elementor-widget elementor-widget-text-editor\" data-id=\"faf54f5\" data-element_type=\"widget\" data-widget_type=\"text-editor.default\">\n\t\t\t\t<div class=\"elementor-widget-container\">\n\t\t\t<style>\/*! elementor - v3.5.5 - 03-02-2022 *\/\n.elementor-widget-text-editor.elementor-drop-cap-view-stacked .elementor-drop-cap{background-color:#818a91;color:#fff}.elementor-widget-text-editor.elementor-drop-cap-view-framed .elementor-drop-cap{color:#818a91;border:3px solid;background-color:transparent}.elementor-widget-text-editor:not(.elementor-drop-cap-view-default) .elementor-drop-cap{margin-top:8px}.elementor-widget-text-editor:not(.elementor-drop-cap-view-default) .elementor-drop-cap-letter{width:1em;height:1em}.elementor-widget-text-editor .elementor-drop-cap{float:left;text-align:center;line-height:1;font-size:50px}.elementor-widget-text-editor .elementor-drop-cap-letter{display:inline-block}<\/style>\t\t\t\t<p>RAU, imalat sekt\u00f6r\u00fcnde faaliyet g\u00f6steren bir aile i\u015fletmesindeki tutkudan do\u011fan bir isimdir.\n1965'ten beri. Yolculu\u011fumuzda bize kat\u0131l\u0131n ve tutkumuzu g\u00f6stermemize yard\u0131mc\u0131 olun.<\/p><p>\u00d6z\u00fcm\u00fcz\u00fc tasar\u0131m, yenilik\u00e7ilik, teknoloji ve kalite olu\u015fturuyor. Her an pazar ve hizmet alan\u0131m\u0131z\u0131 geni\u015fletiyoruz ve daha fazlas\u0131 i\u00e7in \u00e7al\u0131\u015fmaya devam ediyoruz.<br \/>Denizcilik ve yatlara olan tutkumuz ve sevgimiz i\u00e7in teknik bilgilerimizi geli\u015ftiriyor, ara\u015ft\u0131r\u0131yor ve yat\u0131r\u0131m yap\u0131yoruz. B\u00f6ylece yat sekt\u00f6r\u00fcne yeni bir itici g\u00fc\u00e7 kazand\u0131rmay\u0131 ama\u00e7l\u0131yoruz.<\/p><p>Hem kalitelinin pahal\u0131 oldu\u011fu, ucuzun kalitesiz oldu\u011fu bu zinciri k\u0131rarak hem kaliteyi hem de uygunlu\u011fu sunmay\u0131 hedefliyoruz. Vizyonumuz ve tutkumuz, AB kalite standartlar\u0131na uygun ve uygun fiyata sahip bir filo \u00fcretmektir. <br \/>Ve i\u015fte buraday\u0131z\u2026<\/p>\t\t\t\t\t\t<\/div>\n\t\t\t\t<\/div>\n\t\t\t\t<div class=\"elementor-element elementor-element-eee9fcd elementor-widget elementor-widget-text-editor\" data-id=\"eee9fcd\" data-element_type=\"widget\" data-widget_type=\"text-editor.default\">\n\t\t\t\t<div class=\"elementor-widget-container\">\n\t\t\t\t\t\t\t<p>RAU Ailesi<\/p>\t\t\t\t\t\t<\/div>\n\t\t\t\t<\/div>\n\t\t\t\t<div class=\"elementor-element elementor-element-35e3b94 elementor-widget elementor-widget-spacer\" data-id=\"35e3b94\" data-element_type=\"widget\" data-widget_type=\"spacer.default\">\n\t\t\t\t<div class=\"elementor-widget-container\">\n\t\t\t\t\t<div class=\"elementor-spacer\">\n\t\t\t<div class=\"elementor-spacer-inner\"><\/div>\n\t\t<\/div>\n\t\t\t\t<\/div>\n\t\t\t\t<\/div>\n\t\t\t\t\t<\/div>\n\t\t<\/div>\n\t\t\t\t\t\t\t<\/div>\n\t\t<\/section>\n\t\t\t\t<section class=\"elementor-section elementor-top-section elementor-element elementor-element-fe57a61 elementor-section-stretched elementor-section-full_width elementor-section-height-default elementor-section-height-default\" data-id=\"fe57a61\" data-element_type=\"section\" data-settings=\"{&quot;stretch_section&quot;:&quot;section-stretched&quot;,&quot;background_background&quot;:&quot;classic&quot;}\">\n\t\t\t\t\t\t<div class=\"elementor-container elementor-column-gap-default\">\n\t\t\t\t\t<div class=\"aux-parallax-section elementor-column elementor-col-100 elementor-top-column elementor-element elementor-element-9a89ddf\" data-id=\"9a89ddf\" data-element_type=\"column\">\n\t\t\t<div class=\"elementor-widget-wrap elementor-element-populated\">\n\t\t\t\t\t\t\t\t<div class=\"elementor-element elementor-element-8a69d90 aux-appear-watch-animation aux-fade-in-up elementor-widget__width-auto elementor-widget elementor-widget-aux_modern_heading\" data-id=\"8a69d90\" data-element_type=\"widget\" data-widget_type=\"aux_modern_heading.default\">\n\t\t\t\t<div class=\"elementor-widget-container\">\n\t\t\t<section class=\"aux-widget-modern-heading\">\n            <div class=\"aux-widget-inner\"><div class=\"aux-modern-heading-divider\"><\/div><h5 class=\"aux-modern-heading-primary\">Temelimiz<\/h5><div class=\"aux-modern-heading-description\"><p>Bizi Farkl\u0131 K\u0131lan Nedir?<\/p><\/div><\/div>\n        <\/section>\t\t<\/div>\n\t\t\t\t<\/div>\n\t\t\t\t<div class=\"elementor-element elementor-element-3ef0adf stroke elementor-absolute elementor-widget elementor-widget-heading\" data-id=\"3ef0adf\" data-element_type=\"widget\" data-settings=\"{&quot;_position&quot;:&quot;absolute&quot;}\" data-widget_type=\"heading.default\">\n\t\t\t\t<div class=\"elementor-widget-container\">\n\t\t\t<style>\/*! elementor - v3.5.5 - 03-02-2022 *\/\n.elementor-heading-title{padding:0;margin:0;line-height:1}.elementor-widget-heading .elementor-heading-title[class*=elementor-size-]>a{color:inherit;font-size:inherit;line-height:inherit}.elementor-widget-heading .elementor-heading-title.elementor-size-small{font-size:15px}.elementor-widget-heading .elementor-heading-title.elementor-size-medium{font-size:19px}.elementor-widget-heading .elementor-heading-title.elementor-size-large{font-size:29px}.elementor-widget-heading .elementor-heading-title.elementor-size-xl{font-size:39px}.elementor-widget-heading .elementor-heading-title.elementor-size-xxl{font-size:59px}<\/style><h2 class=\"elementor-heading-title elementor-size-default\">TEMEL\u0130M\u0130Z<\/h2>\t\t<\/div>\n\t\t\t\t<\/div>\n\t\t\t\t\t<\/div>\n\t\t<\/div>\n\t\t\t\t\t\t\t<\/div>\n\t\t<\/section>\n\t\t\t\t<section class=\"elementor-section elementor-top-section elementor-element elementor-element-a0528d1 elementor-section-stretched elementor-section-full_width elementor-section-height-default elementor-section-height-default\" data-id=\"a0528d1\" data-element_type=\"section\" data-settings=\"{&quot;stretch_section&quot;:&quot;section-stretched&quot;,&quot;background_background&quot;:&quot;classic&quot;}\">\n\t\t\t\t\t\t<div class=\"elementor-container elementor-column-gap-no\">\n\t\t\t\t\t<div class=\"aux-parallax-section elementor-column elementor-col-25 elementor-top-column elementor-element elementor-element-8ed9db4 aux-appear-watch-animation aux-fade-in-right-1\" data-id=\"8ed9db4\" data-element_type=\"column\">\n\t\t\t<div class=\"elementor-widget-wrap elementor-element-populated\">\n\t\t\t\t\t\t\t\t<div class=\"elementor-element elementor-element-ffe1f7a elementor-widget elementor-widget-aux_text\" data-id=\"ffe1f7a\" data-element_type=\"widget\" data-widget_type=\"aux_text.default\">\n\t\t\t\t<div class=\"elementor-widget-container\">\n\t\t\t<section class=\"widget-container aux-widget-text aux-parent-au4d6fe835\" style=\"\" >        <div class=\"aux-widget-advanced-text aux-wrap-style-simple aux-ico-pos-left aux-text-left aux-text-resp- aux-text-color-dark aux-text-widget-bg-center aux-text-no-content\" >\n        \n                            <div class=\"aux-text-widget-header\"  >\n                        <div class=\"aux-ico-box aux-ico-large aux-img-box aux-ico-shape-default aux-ico-clear\">\n                                                                <img loading=\"lazy\" width=\"150\" height=\"150\" src=\"http:\/\/www.rauyachts.com\/wp-content\/uploads\/2020\/06\/360-view-1-150x150.png\" class=\"aux-attachment aux-featured-image aux-attachment-id-771\" alt=\"360-view\" srcset=\"http:\/\/www.rauyachts.com\/wp-content\/uploads\/2020\/06\/360-view-1-150x150.png 150w,http:\/\/www.rauyachts.com\/wp-content\/uploads\/2020\/06\/360-view-1-300x300.png 300w,http:\/\/www.rauyachts.com\/wp-content\/uploads\/2020\/06\/360-view-1-150x150.png 150w\" data-ratio=\"1\" data-original-w=\"512\" sizes=\"(max-width:479px) 480px,(max-width:767px) 768px,(max-width:1023px) 1024px,150px\" \/>                                                    <\/div>\n                <\/div>\n            \n            <div class=\"aux-text-inner aux-text-widget-content\">\n                                <h4 class=\"col-title\">Tasar\u0131m<\/h4>\n                            <\/div>\n        <\/div>\n                    <div class=\"aux-text-widget-footer\">\n                <div class=\"aux-border-shape-none\">\n                                <\/div>\n            <\/div>\n        \n<\/section><!-- widget-container -->\t\t<\/div>\n\t\t\t\t<\/div>\n\t\t\t\t\t<\/div>\n\t\t<\/div>\n\t\t\t\t<div class=\"aux-parallax-section elementor-column elementor-col-25 elementor-top-column elementor-element elementor-element-5d8c1c5 aux-appear-watch-animation aux-fade-in-right-1\" data-id=\"5d8c1c5\" data-element_type=\"column\">\n\t\t\t<div class=\"elementor-widget-wrap elementor-element-populated\">\n\t\t\t\t\t\t\t\t<div class=\"elementor-element elementor-element-08f1b15 elementor-widget elementor-widget-aux_text\" data-id=\"08f1b15\" data-element_type=\"widget\" data-widget_type=\"aux_text.default\">\n\t\t\t\t<div class=\"elementor-widget-container\">\n\t\t\t<section class=\"widget-container aux-widget-text aux-parent-au17924ba0\" style=\"\" >        <div class=\"aux-widget-advanced-text aux-wrap-style-simple aux-ico-pos-left aux-text-left aux-text-resp- aux-text-color-dark aux-text-widget-bg-center aux-text-no-content\" >\n        \n                            <div class=\"aux-text-widget-header\"  >\n                        <div class=\"aux-ico-box aux-ico-large aux-img-box aux-ico-shape-default aux-ico-clear\">\n                                                                <img loading=\"lazy\" width=\"150\" height=\"150\" src=\"http:\/\/www.rauyachts.com\/wp-content\/uploads\/2020\/06\/creativity-1-150x150.png\" class=\"aux-attachment aux-featured-image aux-attachment-id-773\" alt=\"creativity\" srcset=\"http:\/\/www.rauyachts.com\/wp-content\/uploads\/2020\/06\/creativity-1-150x150.png 150w,http:\/\/www.rauyachts.com\/wp-content\/uploads\/2020\/06\/creativity-1-300x300.png 300w,http:\/\/www.rauyachts.com\/wp-content\/uploads\/2020\/06\/creativity-1-150x150.png 150w\" data-ratio=\"1\" data-original-w=\"512\" sizes=\"(max-width:479px) 480px,(max-width:767px) 768px,(max-width:1023px) 1024px,150px\" \/>                                                    <\/div>\n                <\/div>\n            \n            <div class=\"aux-text-inner aux-text-widget-content\">\n                                <h4 class=\"col-title\">Yenilik\u00e7ilik<\/h4>\n                            <\/div>\n        <\/div>\n                    <div class=\"aux-text-widget-footer\">\n                <div class=\"aux-border-shape-none\">\n                                <\/div>\n            <\/div>\n        \n<\/section><!-- widget-container -->\t\t<\/div>\n\t\t\t\t<\/div>\n\t\t\t\t\t<\/div>\n\t\t<\/div>\n\t\t\t\t<div class=\"aux-parallax-section elementor-column elementor-col-25 elementor-top-column elementor-element elementor-element-44e89e2 aux-appear-watch-animation aux-fade-in-right-1\" data-id=\"44e89e2\" data-element_type=\"column\">\n\t\t\t<div class=\"elementor-widget-wrap elementor-element-populated\">\n\t\t\t\t\t\t\t\t<div class=\"elementor-element elementor-element-6034525 elementor-widget elementor-widget-aux_text\" data-id=\"6034525\" data-element_type=\"widget\" data-widget_type=\"aux_text.default\">\n\t\t\t\t<div class=\"elementor-widget-container\">\n\t\t\t<section class=\"widget-container aux-widget-text aux-parent-aue48aa0cd\" style=\"\" >        <div class=\"aux-widget-advanced-text aux-wrap-style-simple aux-ico-pos-left aux-text-left aux-text-resp- aux-text-color-dark aux-text-widget-bg-center aux-text-no-content\" >\n        \n                            <div class=\"aux-text-widget-header\"  >\n                        <div class=\"aux-ico-box aux-ico-large aux-img-box aux-ico-shape-default aux-ico-clear\">\n                                                                <img loading=\"lazy\" width=\"150\" height=\"150\" src=\"http:\/\/www.rauyachts.com\/wp-content\/uploads\/2020\/06\/automation-1-150x150.png\" class=\"aux-attachment aux-featured-image aux-attachment-id-772\" alt=\"automation\" srcset=\"http:\/\/www.rauyachts.com\/wp-content\/uploads\/2020\/06\/automation-1-150x150.png 150w,http:\/\/www.rauyachts.com\/wp-content\/uploads\/2020\/06\/automation-1-300x300.png 300w,http:\/\/www.rauyachts.com\/wp-content\/uploads\/2020\/06\/automation-1-150x150.png 150w\" data-ratio=\"1\" data-original-w=\"512\" sizes=\"(max-width:479px) 480px,(max-width:767px) 768px,(max-width:1023px) 1024px,150px\" \/>                                                    <\/div>\n                <\/div>\n            \n            <div class=\"aux-text-inner aux-text-widget-content\">\n                                <h4 class=\"col-title\">Teknoloji<\/h4>\n                            <\/div>\n        <\/div>\n                    <div class=\"aux-text-widget-footer\">\n                <div class=\"aux-border-shape-none\">\n                                <\/div>\n            <\/div>\n        \n<\/section><!-- widget-container -->\t\t<\/div>\n\t\t\t\t<\/div>\n\t\t\t\t\t<\/div>\n\t\t<\/div>\n\t\t\t\t<div class=\"aux-parallax-section elementor-column elementor-col-25 elementor-top-column elementor-element elementor-element-f5bb15a aux-appear-watch-animation aux-fade-in-right-1\" data-id=\"f5bb15a\" data-element_type=\"column\">\n\t\t\t<div class=\"elementor-widget-wrap elementor-element-populated\">\n\t\t\t\t\t\t\t\t<div class=\"elementor-element elementor-element-0e247f3 elementor-widget elementor-widget-aux_text\" data-id=\"0e247f3\" data-element_type=\"widget\" data-widget_type=\"aux_text.default\">\n\t\t\t\t<div class=\"elementor-widget-container\">\n\t\t\t<section class=\"widget-container aux-widget-text aux-parent-auaed89b07\" style=\"\" >        <div class=\"aux-widget-advanced-text aux-wrap-style-simple aux-ico-pos-left aux-text-left aux-text-resp- aux-text-color-dark aux-text-widget-bg-center aux-text-no-content\" >\n        \n                            <div class=\"aux-text-widget-header\"  >\n                        <div class=\"aux-ico-box aux-ico-large aux-img-box aux-ico-shape-default aux-ico-clear\">\n                                                                <img loading=\"lazy\" width=\"150\" height=\"150\" src=\"http:\/\/www.rauyachts.com\/wp-content\/uploads\/2020\/06\/quality-1-150x150.png\" class=\"aux-attachment aux-featured-image aux-attachment-id-774\" alt=\"quality\" srcset=\"http:\/\/www.rauyachts.com\/wp-content\/uploads\/2020\/06\/quality-1-150x150.png 150w,http:\/\/www.rauyachts.com\/wp-content\/uploads\/2020\/06\/quality-1-300x300.png 300w,http:\/\/www.rauyachts.com\/wp-content\/uploads\/2020\/06\/quality-1-150x150.png 150w\" data-ratio=\"1\" data-original-w=\"512\" sizes=\"(max-width:479px) 480px,(max-width:767px) 768px,(max-width:1023px) 1024px,150px\" \/>                                                    <\/div>\n                <\/div>\n            \n            <div class=\"aux-text-inner aux-text-widget-content\">\n                                <h4 class=\"col-title\">Kalite<\/h4>\n                            <\/div>\n        <\/div>\n                    <div class=\"aux-text-widget-footer\">\n                <div class=\"aux-border-shape-none\">\n                                <\/div>\n            <\/div>\n        \n<\/section><!-- widget-container -->\t\t<\/div>\n\t\t\t\t<\/div>\n\t\t\t\t\t<\/div>\n\t\t<\/div>\n\t\t\t\t\t\t\t<\/div>\n\t\t<\/section>\n\t\t\t\t\t\t<\/div>\n\t\t\t\t\t<\/div>","protected":false},"excerpt":{"rendered":"<p>RAU is a name of a dream which being carried out from a family who manufactures machinery for recycling industries and tractor parts, paper box machineries for over since 1965. Design, innovation, technologies, quality is already in our core. Every single hour we are expanding our territory, market and service area around the world.For our [&hellip;]<\/p>","protected":false},"author":1,"featured_media":0,"parent":0,"menu_order":0,"comment_status":"closed","ping_status":"closed","template":"","meta":[],"yoast_head":"<!-- This site is optimized with the Yoast SEO plugin v14.6.1 - https:\/\/yoast.com\/wordpress\/plugins\/seo\/ -->\n<title>Rau Yachts | About Us | We are in \u0130zmir | Desing and Innovation<\/title>\n<meta name=\"description\" content=\"We produce for you in \u0130zmir. RAU is a name of a dream. Design, innovation, technologies, quality is in our core and our yachts.\" \/>\n<meta name=\"robots\" content=\"index, follow\" \/>\n<meta name=\"googlebot\" content=\"index, follow, max-snippet:-1, max-image-preview:large, max-video-preview:-1\" \/>\n<meta name=\"bingbot\" content=\"index, follow, max-snippet:-1, max-image-preview:large, max-video-preview:-1\" \/>\n<link rel=\"canonical\" href=\"http:\/\/www.rauyachts.com\/tr\/about-us\/\" \/>\n<meta property=\"og:locale\" content=\"tr_TR\" \/>\n<meta property=\"og:type\" content=\"article\" \/>\n<meta property=\"og:title\" content=\"Rau Yachts | About Us | We are in \u0130zmir | Desing and Innovation\" \/>\n<meta property=\"og:description\" content=\"We produce for you in \u0130zmir. RAU is a name of a dream. Design, innovation, technologies, quality is in our core and our yachts.\" \/>\n<meta property=\"og:url\" content=\"http:\/\/www.rauyachts.com\/tr\/about-us\/\" \/>\n<meta property=\"og:site_name\" content=\"Rau Yachts\" \/>\n<meta property=\"article:modified_time\" content=\"2020-09-16T06:57:43+00:00\" \/>\n<meta property=\"og:image\" content=\"http:\/\/www.rauyachts.com\/wp-content\/uploads\/2020\/06\/cephe-calisma.jpg\" \/>\n<meta name=\"twitter:card\" content=\"summary_large_image\" \/>\n<script type=\"application\/ld+json\" class=\"yoast-schema-graph\">{\"@context\":\"https:\/\/schema.org\",\"@graph\":[{\"@type\":\"WebSite\",\"@id\":\"http:\/\/www.rauyachts.com\/tr\/#website\",\"url\":\"http:\/\/www.rauyachts.com\/tr\/\",\"name\":\"Rau Yachts\",\"description\":\"\",\"potentialAction\":[{\"@type\":\"SearchAction\",\"target\":\"http:\/\/www.rauyachts.com\/tr\/?s={search_term_string}\",\"query-input\":\"required name=search_term_string\"}],\"inLanguage\":\"tr\"},{\"@type\":\"ImageObject\",\"@id\":\"http:\/\/www.rauyachts.com\/about-us\/#primaryimage\",\"inLanguage\":\"tr\",\"url\":\"http:\/\/www.rauyachts.com\/wp-content\/uploads\/2020\/06\/cephe-calisma.jpg\",\"width\":2000,\"height\":1454},{\"@type\":\"WebPage\",\"@id\":\"http:\/\/www.rauyachts.com\/about-us\/#webpage\",\"url\":\"http:\/\/www.rauyachts.com\/about-us\/\",\"name\":\"Rau Yachts | About Us | We are in \\u0130zmir | Desing and Innovation\",\"isPartOf\":{\"@id\":\"http:\/\/www.rauyachts.com\/tr\/#website\"},\"primaryImageOfPage\":{\"@id\":\"http:\/\/www.rauyachts.com\/about-us\/#primaryimage\"},\"datePublished\":\"2019-07-04T09:11:36+00:00\",\"dateModified\":\"2020-09-16T06:57:43+00:00\",\"description\":\"We produce for you in \\u0130zmir. RAU is a name of a dream. Design, innovation, technologies, quality is in our core and our yachts.\",\"inLanguage\":\"tr\",\"potentialAction\":[{\"@type\":\"ReadAction\",\"target\":[\"http:\/\/www.rauyachts.com\/about-us\/\"]}]}]}<\/script>\n<!-- \/ Yoast SEO plugin. -->","_links":{"self":[{"href":"http:\/\/www.rauyachts.com\/tr\/wp-json\/wp\/v2\/pages\/20"}],"collection":[{"href":"http:\/\/www.rauyachts.com\/tr\/wp-json\/wp\/v2\/pages"}],"about":[{"href":"http:\/\/www.rauyachts.com\/tr\/wp-json\/wp\/v2\/types\/page"}],"author":[{"embeddable":true,"href":"http:\/\/www.rauyachts.com\/tr\/wp-json\/wp\/v2\/users\/1"}],"replies":[{"embeddable":true,"href":"http:\/\/www.rauyachts.com\/tr\/wp-json\/wp\/v2\/comments?post=20"}],"version-history":[{"count":30,"href":"http:\/\/www.rauyachts.com\/tr\/wp-json\/wp\/v2\/pages\/20\/revisions"}],"predecessor-version":[{"id":1923,"href":"http:\/\/www.rauyachts.com\/tr\/wp-json\/wp\/v2\/pages\/20\/revisions\/1923"}],"wp:attachment":[{"href":"http:\/\/www.rauyachts.com\/tr\/wp-json\/wp\/v2\/media?parent=20"}],"curies":[{"name":"wp","href":"https:\/\/api.w.org\/{rel}","templated":true}]}}