{"id":698,"date":"2019-05-11T11:24:33","date_gmt":"2019-05-11T11:24:33","guid":{"rendered":"http:\/\/www.rauyachts.com\/?page_id=698"},"modified":"2023-02-23T12:02:08","modified_gmt":"2023-02-23T12:02:08","slug":"contact","status":"publish","type":"page","link":"http:\/\/www.rauyachts.com\/tr\/contact\/","title":{"rendered":"Bize Ula\u015f\u0131n"},"content":{"rendered":"<div data-elementor-type=\"wp-post\" data-elementor-id=\"698\" class=\"elementor elementor-698\" data-elementor-settings=\"[]\">\n\t\t\t\t\t\t\t<div class=\"elementor-section-wrap\">\n\t\t\t\t\t\t\t<section class=\"elementor-section elementor-top-section elementor-element elementor-element-ca81582 elementor-section-boxed elementor-section-height-default elementor-section-height-default\" data-id=\"ca81582\" data-element_type=\"section\">\n\t\t\t\t\t\t<div class=\"elementor-container elementor-column-gap-no\">\n\t\t\t\t\t<div class=\"aux-parallax-section elementor-column elementor-col-25 elementor-top-column elementor-element elementor-element-dbc33c3 aux-appear-watch-animation aux-fade-in-up-1\" data-id=\"dbc33c3\" data-element_type=\"column\" data-settings=\"{&quot;animation&quot;:&quot;none&quot;}\">\n\t\t\t<div class=\"elementor-widget-wrap elementor-element-populated\">\n\t\t\t\t\t\t\t\t<div class=\"elementor-element elementor-element-b5c62ed elementor-widget elementor-widget-aux_text\" data-id=\"b5c62ed\" data-element_type=\"widget\" data-widget_type=\"aux_text.default\">\n\t\t\t\t<div class=\"elementor-widget-container\">\n\t\t\t<section class=\"widget-container aux-widget-text aux-parent-au7533c280\" style=\"\" >        <div class=\"aux-widget-advanced-text aux-wrap-style-simple aux-ico-pos-left aux-text-left aux-text-resp- aux-text-color-dark aux-text-widget-bg-center  aux-text-padding-fix\" >\n        \n                            <div class=\"aux-text-widget-header\"  >\n                        <div class=\"aux-ico-box aux-ico-large aux-ico-shape-rect aux-ico-clear\">\n                                                            <span class=\"aux-ico auxicon auxicon-ios-telephone-outline\" > <\/span>\n                                                    <\/div>\n                <\/div>\n            \n            <div class=\"aux-text-inner aux-text-widget-content\">\n                                <h4 class=\"col-title\"><a href=\"\">Telefon<\/a><\/h4>\n                                <div class=\"widget-content\">\n                                        <p><span style=\"color: #000000;\"><a style=\"color: #000000;\" href=\"tel:+902328537200\">+90 232 8537200<\/a><br \/><a style=\"color: #000000;\" href=\"tel:+902328539623\">+90 232 8539623<\/a><\/span><br \/><span style=\"color: #000000;\"><a style=\"color: #000000;\" href=\"tel:+902328539624\">+90 232 8539624<\/a><\/span><br \/><span style=\"color: #000000;\"><a style=\"color: #000000;\" href=\"tel:+902328539625\">+90 232 8539625<\/a><\/span><\/p>                <\/div>\n                            <\/div>\n        <\/div>\n                    <div class=\"aux-text-widget-footer\">\n                <div class=\"aux-border-shape-none\">\n                                <\/div>\n            <\/div>\n        \n<\/section><!-- widget-container -->\t\t<\/div>\n\t\t\t\t<\/div>\n\t\t\t\t\t<\/div>\n\t\t<\/div>\n\t\t\t\t<div class=\"aux-parallax-section elementor-column elementor-col-25 elementor-top-column elementor-element elementor-element-15ab863 aux-appear-watch-animation aux-fade-in-up-1\" data-id=\"15ab863\" data-element_type=\"column\">\n\t\t\t<div class=\"elementor-widget-wrap elementor-element-populated\">\n\t\t\t\t\t\t\t\t<div class=\"elementor-element elementor-element-3a702e6 elementor-widget elementor-widget-aux_text\" data-id=\"3a702e6\" data-element_type=\"widget\" data-widget_type=\"aux_text.default\">\n\t\t\t\t<div class=\"elementor-widget-container\">\n\t\t\t<section class=\"widget-container aux-widget-text aux-parent-aua48b4f8f\" style=\"\" >        <div class=\"aux-widget-advanced-text aux-wrap-style-simple aux-ico-pos-left aux-text-left aux-text-resp- aux-text-color-dark aux-text-widget-bg-center\" >\n        \n                            <div class=\"aux-text-widget-header\"  >\n                        <div class=\"aux-ico-box aux-ico-large aux-img-box aux-ico-shape-default aux-ico-clear\">\n                                                                <img loading=\"lazy\" width=\"45\" height=\"35\" src=\"http:\/\/www.rauyachts.com\/wp-content\/uploads\/2019\/05\/Path-89-1.svg\" class=\"aux-attachment aux-featured-image aux-attachment-id-623\" alt=\"demo-attachment-1175-Path-89-1\" data-ratio=\"1\" data-original-w=\"45\" sizes=\"(max-width:479px) 480px,(max-width:767px) 768px,(max-width:1023px) 1024px,45px\" \/>                                                    <\/div>\n                <\/div>\n            \n            <div class=\"aux-text-inner aux-text-widget-content\">\n                                <h4 class=\"col-title\">E-Posta<\/h4>\n                                <div class=\"widget-content\">\n                                        <p><span style=\"color: #000000;\"><a style=\"color: #000000;\" href=\"mailto:info@rauyachts.com\">info@rauyachts.com<\/a><br \/><a style=\"color: #000000;\" href=\"mailto:mahmadul@rauyachts.com\">mahmadul@rauyachts.com<\/a><br \/><a style=\"color: #000000;\" href=\"mailto:export@rauyachts.com\">export@rauyachts.com<\/a><br \/><a style=\"color: #000000;\" href=\"mailto:sales@rauyachts.com\">sales@rauyachts.com<\/a><br \/><\/span><\/p>                <\/div>\n                            <\/div>\n        <\/div>\n                    <div class=\"aux-text-widget-footer\">\n                <div class=\"aux-border-shape-none\">\n                                <\/div>\n            <\/div>\n        \n<\/section><!-- widget-container -->\t\t<\/div>\n\t\t\t\t<\/div>\n\t\t\t\t\t<\/div>\n\t\t<\/div>\n\t\t\t\t<div class=\"aux-parallax-section elementor-column elementor-col-25 elementor-top-column elementor-element elementor-element-410ea51 aux-appear-watch-animation aux-fade-in-up-1\" data-id=\"410ea51\" data-element_type=\"column\">\n\t\t\t<div class=\"elementor-widget-wrap elementor-element-populated\">\n\t\t\t\t\t\t\t\t<div class=\"elementor-element elementor-element-bf69e8f elementor-widget elementor-widget-aux_text\" data-id=\"bf69e8f\" data-element_type=\"widget\" data-widget_type=\"aux_text.default\">\n\t\t\t\t<div class=\"elementor-widget-container\">\n\t\t\t<section class=\"widget-container aux-widget-text aux-parent-auf494fcc1\" style=\"\" >        <div class=\"aux-widget-advanced-text aux-wrap-style-simple aux-ico-pos-left aux-text-left aux-text-resp- aux-text-color-dark aux-text-widget-bg-center  aux-text-padding-fix\" >\n        \n                            <div class=\"aux-text-widget-header\"  >\n                        <div class=\"aux-ico-box aux-ico-large aux-ico-shape-rect aux-ico-clear\">\n                                                            <span class=\"aux-ico auxicon auxicon-file\" > <\/span>\n                                                    <\/div>\n                <\/div>\n            \n            <div class=\"aux-text-inner aux-text-widget-content\">\n                                <h4 class=\"col-title\">Faks<\/h4>\n                                <div class=\"widget-content\">\n                                        <p>+90 232 8539626<\/p>                <\/div>\n                            <\/div>\n        <\/div>\n                    <div class=\"aux-text-widget-footer\">\n                <div class=\"aux-border-shape-none\">\n                                <\/div>\n            <\/div>\n        \n<\/section><!-- widget-container -->\t\t<\/div>\n\t\t\t\t<\/div>\n\t\t\t\t\t<\/div>\n\t\t<\/div>\n\t\t\t\t<div class=\"aux-parallax-section elementor-column elementor-col-25 elementor-top-column elementor-element elementor-element-9a99d39 aux-appear-watch-animation aux-fade-in-up-1\" data-id=\"9a99d39\" data-element_type=\"column\">\n\t\t\t<div class=\"elementor-widget-wrap elementor-element-populated\">\n\t\t\t\t\t\t\t\t<div class=\"elementor-element elementor-element-b81837a elementor-widget elementor-widget-aux_text\" data-id=\"b81837a\" data-element_type=\"widget\" data-widget_type=\"aux_text.default\">\n\t\t\t\t<div class=\"elementor-widget-container\">\n\t\t\t<section class=\"widget-container aux-widget-text aux-parent-audbfb956b\" style=\"\" >        <div class=\"aux-widget-advanced-text aux-wrap-style-simple aux-ico-pos-left aux-text-left aux-text-resp- aux-text-color-dark aux-text-widget-bg-center\" >\n        \n                            <div class=\"aux-text-widget-header\"  >\n                        <div class=\"aux-ico-box aux-ico-large aux-img-box aux-ico-shape-default aux-ico-clear\">\n                                                                <img loading=\"lazy\" width=\"32\" height=\"41\" src=\"http:\/\/www.rauyachts.com\/wp-content\/uploads\/2019\/05\/Path-87-1.svg\" class=\"aux-attachment aux-featured-image aux-attachment-id-625\" alt=\"demo-attachment-1173-Path-87-1\" data-ratio=\"1\" data-original-w=\"32\" sizes=\"(max-width:479px) 480px,(max-width:767px) 768px,(max-width:1023px) 1024px,32px\" \/>                                                    <\/div>\n                <\/div>\n            \n            <div class=\"aux-text-inner aux-text-widget-content\">\n                                <h4 class=\"col-title\">Adres<\/h4>\n                                <div class=\"widget-content\">\n                                        <span style=\"color: #000000;\"><a style=\"color: #000000;\" href=\"https:\/\/www.google.com\/maps\/dir\/\/29+Ekim,+Saz+Yolu+Cd.+No:11,+35875+Torbal%C4%B1%2F%C4%B0zmir\/@38.2270292,27.3083315,17.25z\/data=!4m8!4m7!1m0!1m5!1m1!1s0x14b95c5473830f95:0x293db21593f1c210!2m2!1d27.3091668!2d38.2279231\">Sazyolu Cad. No:11 Yaz\u0131ba\u015f\u0131, Torbal\u0131 <br> \u0130zmir \/ T\u00fcrkiye<\/a><\/span>                <\/div>\n                            <\/div>\n        <\/div>\n                    <div class=\"aux-text-widget-footer\">\n                <div class=\"aux-border-shape-none\">\n                                <\/div>\n            <\/div>\n        \n<\/section><!-- widget-container -->\t\t<\/div>\n\t\t\t\t<\/div>\n\t\t\t\t\t<\/div>\n\t\t<\/div>\n\t\t\t\t\t\t\t<\/div>\n\t\t<\/section>\n\t\t\t\t<section class=\"elementor-section elementor-top-section elementor-element elementor-element-63d9695 aux-appear-watch-animation aux-fade-in elementor-section-boxed elementor-section-height-default elementor-section-height-default\" data-id=\"63d9695\" data-element_type=\"section\">\n\t\t\t\t\t\t<div class=\"elementor-container elementor-column-gap-default\">\n\t\t\t\t\t<div class=\"aux-parallax-section elementor-column elementor-col-100 elementor-top-column elementor-element elementor-element-6bc02fc\" data-id=\"6bc02fc\" data-element_type=\"column\">\n\t\t\t<div class=\"elementor-widget-wrap elementor-element-populated\">\n\t\t\t\t\t\t\t\t<div class=\"elementor-element elementor-element-46f855d elementor-widget elementor-widget-aux_gmap\" data-id=\"46f855d\" data-element_type=\"widget\" data-widget_type=\"aux_gmap.default\">\n\t\t\t\t<div class=\"elementor-widget-container\">\n\t\t\t<section class=\"widget-container aux-widget-gmaps aux-parent-auaf90c174\" style=\"\" >\n    <div class=\"aux-col-wrapper aux-no-gutter\">\n        <div id=\"aux-map69e9fe151f58a\" class=\"aux-map-wrapper\" style=\"height:596px\" ><\/div>\n\n        <script>\n            jQuery( function($) {\n                if(typeof GMaps != \"function\" || typeof google === \"undefined\"){\n                    console.info( \"Please add google map API key in theme options. https:\/\/developers.google.com\/maps\/documentation\/javascript\/\" );\n                    return;\n                }\n                var map = new GMaps({\n                    el: \"#aux-map69e9fe151f58a\",\n                    lat:  38.228802,\n                    lng:  27.309819,\n                    zoom: 16,\n                    scrollwheel: false,\n                                        mapTypeId: google.maps.MapTypeId.ROADMAP,\n                                        disableDefaultUI: true,\n                                        panControl : true\n                });\n\n                                map.addStyle({\n                    styledMapName:\"Auxin custom style map\",\n                    styles: [\n    {\n        \"featureType\": \"all\",\n        \"elementType\": \"labels.text.fill\",\n        \"stylers\": [\n            {\n                \"saturation\": 36\n            },\n            {\n                \"color\": \"#000000\"\n            },\n            {\n                \"lightness\": 40\n            }\n        ]\n    },\n    {\n        \"featureType\": \"all\",\n        \"elementType\": \"labels.text.stroke\",\n        \"stylers\": [\n            {\n                \"visibility\": \"on\"\n            },\n            {\n                \"color\": \"#000000\"\n            },\n            {\n                \"lightness\": 16\n            }\n        ]\n    },\n    {\n        \"featureType\": \"all\",\n        \"elementType\": \"labels.icon\",\n        \"stylers\": [\n            {\n                \"visibility\": \"off\"\n            }\n        ]\n    },\n    {\n        \"featureType\": \"administrative\",\n        \"elementType\": \"geometry.fill\",\n        \"stylers\": [\n            {\n                \"color\": \"#000000\"\n            },\n            {\n                \"lightness\": 20\n            }\n        ]\n    },\n    {\n        \"featureType\": \"administrative\",\n        \"elementType\": \"geometry.stroke\",\n        \"stylers\": [\n            {\n                \"color\": \"#000000\"\n            },\n            {\n                \"lightness\": 17\n            },\n            {\n                \"weight\": 1.2\n            }\n        ]\n    },\n    {\n        \"featureType\": \"landscape\",\n        \"elementType\": \"geometry\",\n        \"stylers\": [\n            {\n                \"color\": \"#000000\"\n            },\n            {\n                \"lightness\": 20\n            }\n        ]\n    },\n    {\n        \"featureType\": \"poi\",\n        \"elementType\": \"geometry\",\n        \"stylers\": [\n            {\n                \"color\": \"#000000\"\n            },\n            {\n                \"lightness\": 21\n            }\n        ]\n    },\n    {\n        \"featureType\": \"road.highway\",\n        \"elementType\": \"geometry.fill\",\n        \"stylers\": [\n            {\n                \"color\": \"#000000\"\n            },\n            {\n                \"lightness\": 17\n            }\n        ]\n    },\n    {\n        \"featureType\": \"road.highway\",\n        \"elementType\": \"geometry.stroke\",\n        \"stylers\": [\n            {\n                \"color\": \"#000000\"\n            },\n            {\n                \"lightness\": 29\n            },\n            {\n                \"weight\": 0.2\n            }\n        ]\n    },\n    {\n        \"featureType\": \"road.arterial\",\n        \"elementType\": \"geometry\",\n        \"stylers\": [\n            {\n                \"color\": \"#000000\"\n            },\n            {\n                \"lightness\": 18\n            }\n        ]\n    },\n    {\n        \"featureType\": \"road.local\",\n        \"elementType\": \"geometry\",\n        \"stylers\": [\n            {\n                \"color\": \"#000000\"\n            },\n            {\n                \"lightness\": 16\n            }\n        ]\n    },\n    {\n        \"featureType\": \"transit\",\n        \"elementType\": \"geometry\",\n        \"stylers\": [\n            {\n                \"color\": \"#000000\"\n            },\n            {\n                \"lightness\": 19\n            }\n        ]\n    },\n    {\n        \"featureType\": \"water\",\n        \"elementType\": \"geometry\",\n        \"stylers\": [\n            {\n                \"color\": \"#000000\"\n            },\n            {\n                \"lightness\": 17\n            }\n        ]\n    }\n],\n                    mapTypeId: \"aux_map_style\"\n                });\n\n                map.setStyle(\"aux_map_style\");\n                                map.addMarker({\n                                        lat : 38.228802,\n                    lng : 27.309819,\n                                            icon: \"http:\/\/www.rauyachts.com\/wp-content\/uploads\/2020\/06\/map-pin-2.png\"\n                                        \n                });\n           });\n\n        <\/script>\n\n    <\/div><!-- aux-col-wrapper -->\n\n<\/section><!-- widget-container -->\t\t<\/div>\n\t\t\t\t<\/div>\n\t\t\t\t\t<\/div>\n\t\t<\/div>\n\t\t\t\t\t\t\t<\/div>\n\t\t<\/section>\n\t\t\t\t<section class=\"elementor-section elementor-top-section elementor-element elementor-element-61c1e45 aux-appear-watch-animation aux-fade-in elementor-section-boxed elementor-section-height-default elementor-section-height-default\" data-id=\"61c1e45\" data-element_type=\"section\">\n\t\t\t\t\t\t<div class=\"elementor-container elementor-column-gap-no\">\n\t\t\t\t\t<div class=\"aux-parallax-section elementor-column elementor-col-100 elementor-top-column elementor-element elementor-element-fb054bc\" data-id=\"fb054bc\" data-element_type=\"column\">\n\t\t\t<div class=\"elementor-widget-wrap elementor-element-populated\">\n\t\t\t\t\t\t\t\t<div class=\"elementor-element elementor-element-f007b22 aux-appear-watch-animation aux-fade-in-up elementor-widget__width-auto elementor-widget elementor-widget-aux_modern_heading\" data-id=\"f007b22\" data-element_type=\"widget\" data-widget_type=\"aux_modern_heading.default\">\n\t\t\t\t<div class=\"elementor-widget-container\">\n\t\t\t<section class=\"aux-widget-modern-heading\">\n            <div class=\"aux-widget-inner\"><div class=\"aux-modern-heading-divider\"><\/div><h5 class=\"aux-modern-heading-primary\">Bizimle ileti\u015fime Ge\u00e7in<\/h5><div class=\"aux-modern-heading-description\"><p>Yelken ve yatlara olan tutkumuz ve sevgimiz i\u00e7in<br \/>\u0130\u015fte buraday\u0131z...<\/p><\/div><\/div>\n        <\/section>\t\t<\/div>\n\t\t\t\t<\/div>\n\t\t\t\t<div class=\"elementor-element elementor-element-91c8ee1 stroke elementor-absolute elementor-widget elementor-widget-heading\" data-id=\"91c8ee1\" data-element_type=\"widget\" data-settings=\"{&quot;_position&quot;:&quot;absolute&quot;}\" data-widget_type=\"heading.default\">\n\t\t\t\t<div class=\"elementor-widget-container\">\n\t\t\t<style>\/*! elementor - v3.5.5 - 03-02-2022 *\/\n.elementor-heading-title{padding:0;margin:0;line-height:1}.elementor-widget-heading .elementor-heading-title[class*=elementor-size-]>a{color:inherit;font-size:inherit;line-height:inherit}.elementor-widget-heading .elementor-heading-title.elementor-size-small{font-size:15px}.elementor-widget-heading .elementor-heading-title.elementor-size-medium{font-size:19px}.elementor-widget-heading .elementor-heading-title.elementor-size-large{font-size:29px}.elementor-widget-heading .elementor-heading-title.elementor-size-xl{font-size:39px}.elementor-widget-heading .elementor-heading-title.elementor-size-xxl{font-size:59px}<\/style><h2 class=\"elementor-heading-title elementor-size-default\">CONTACT<\/h2>\t\t<\/div>\n\t\t\t\t<\/div>\n\t\t\t\t<div class=\"elementor-element elementor-element-c01a5db elementor-widget elementor-widget-aux_contact_form\" data-id=\"c01a5db\" data-element_type=\"widget\" data-widget_type=\"aux_contact_form.default\">\n\t\t\t\t<div class=\"elementor-widget-container\">\n\t\t\t<section class=\"widget-container aux-widget-contact-form aux-parent-au4415e697\" style=\"\" >            <div class=\"aux-col-wrapper aux-no-gutter\">\n            <!-- @TODO - The output for element here -->\n\n            <div role=\"form\" class=\"wpcf7\" id=\"wpcf7-f684-o1\" lang=\"en-US\" dir=\"ltr\">\n<div class=\"screen-reader-response\" role=\"alert\" aria-live=\"polite\"><\/div>\n<form action=\"\/tr\/wp-json\/wp\/v2\/pages\/698#wpcf7-f684-o1\" method=\"post\" class=\"wpcf7-form init\" novalidate=\"novalidate\" data-trp-original-action=\"\/tr\/wp-json\/wp\/v2\/pages\/698#wpcf7-f684-o1\">\n<div style=\"display: none;\">\n<input type=\"hidden\" name=\"_wpcf7\" value=\"684\" \/>\n<input type=\"hidden\" name=\"_wpcf7_version\" value=\"5.2\" \/>\n<input type=\"hidden\" name=\"_wpcf7_locale\" value=\"en_US\" \/>\n<input type=\"hidden\" name=\"_wpcf7_unit_tag\" value=\"wpcf7-f684-o1\" \/>\n<input type=\"hidden\" name=\"_wpcf7_container_post\" value=\"0\" \/>\n<input type=\"hidden\" name=\"_wpcf7_posted_data_hash\" value=\"\" \/>\n<\/div>\n<div class=\"aux-modern-form\">\n    <div class=\"aux-input-group aux-form-inline\">\n        <span class=\"wpcf7-form-control-wrap text-767\"><input type=\"text\" name=\"text-767\" value=\"\" size=\"40\" class=\"wpcf7-form-control wpcf7-text wpcf7-validates-as-required\" aria-required=\"true\" aria-invalid=\"false\" placeholder=\"Ad\u0131n\u0131z ve Soyad\u0131n\u0131z\" \/><\/span>\n       <span class=\"wpcf7-form-control-wrap email-778\"><input type=\"email\" name=\"email-778\" value=\"\" size=\"40\" class=\"wpcf7-form-control wpcf7-text wpcf7-email wpcf7-validates-as-required wpcf7-validates-as-email\" aria-required=\"true\" aria-invalid=\"false\" placeholder=\"E-postan\u0131z\" \/><\/span>  \n        <span class=\"wpcf7-form-control-wrap tel-995\"><input type=\"tel\" name=\"tel-995\" value=\"\" size=\"40\" class=\"wpcf7-form-control wpcf7-text wpcf7-tel wpcf7-validates-as-tel\" aria-invalid=\"false\" placeholder=\"Telefon Numaran\u0131z\" \/><\/span>\n<\/div>\n     <span class=\"wpcf7-form-control-wrap textarea-976\"><textarea name=\"textarea-976\" cols=\"40\" rows=\"10\" class=\"wpcf7-form-control wpcf7-textarea\" aria-invalid=\"false\" placeholder=\"Mesaj\u0131n\u0131z\"><\/textarea><\/span>\n<input type=\"submit\" value=\"G\u00f6nder\" class=\"wpcf7-form-control wpcf7-submit SEND TO US\" id=\"SENDTOUS\" \/>\n<\/div><div class=\"wpcf7-response-output\" role=\"alert\" aria-hidden=\"true\"><\/div><input type=\"hidden\" name=\"trp-form-language\" value=\"tr\"\/><\/form><\/div>\n\n            <\/div><!-- aux-col-wrapper -->\n    <\/section><!-- widget-container -->\t\t<\/div>\n\t\t\t\t<\/div>\n\t\t\t\t\t<\/div>\n\t\t<\/div>\n\t\t\t\t\t\t\t<\/div>\n\t\t<\/section>\n\t\t\t\t\t\t<\/div>\n\t\t\t\t\t<\/div>","protected":false},"excerpt":{"rendered":"<p>Call Us +90 232 8537200+90 232 8539623+90 232 8539624+90 232 8539625 Email info@rauyachts.commahmadul@rauyachts.comexport@rauyachts.comsales@rauyachts.com Fax +90 232 8539626 Address Sazyolu Cad. No:11 Yaz\u0131ba\u015f\u0131, Torbal\u0131 \u0130zmir \/ T\u00fcrkiye Get In Touch With Us For our passion and love towards sailing and yachts.And here we are&#8230; CONTACT<\/p>","protected":false},"author":1,"featured_media":0,"parent":0,"menu_order":0,"comment_status":"closed","ping_status":"closed","template":"templates\/page-builder-content.php","meta":[],"yoast_head":"<!-- This site is optimized with the Yoast SEO plugin v14.6.1 - https:\/\/yoast.com\/wordpress\/plugins\/seo\/ -->\n<title>Rau Yachts | Contact | New Generation Yachts in \u0130zmir<\/title>\n<meta name=\"description\" content=\"We produce yachts for you in \u0130zmir. Design, innovation, technologies, quality is already in our core and our yachts. Get in touch with us.\" \/>\n<meta name=\"robots\" content=\"index, follow\" \/>\n<meta name=\"googlebot\" content=\"index, follow, max-snippet:-1, max-image-preview:large, max-video-preview:-1\" \/>\n<meta name=\"bingbot\" content=\"index, follow, max-snippet:-1, max-image-preview:large, max-video-preview:-1\" \/>\n<link rel=\"canonical\" href=\"http:\/\/www.rauyachts.com\/tr\/contact\/\" \/>\n<meta property=\"og:locale\" content=\"tr_TR\" \/>\n<meta property=\"og:type\" content=\"article\" \/>\n<meta property=\"og:title\" content=\"Rau Yachts | Contact | New Generation Yachts in \u0130zmir\" \/>\n<meta property=\"og:description\" content=\"We produce yachts for you in \u0130zmir. Design, innovation, technologies, quality is already in our core and our yachts. Get in touch with us.\" \/>\n<meta property=\"og:url\" content=\"http:\/\/www.rauyachts.com\/tr\/contact\/\" \/>\n<meta property=\"og:site_name\" content=\"Rau Yachts\" \/>\n<meta property=\"article:modified_time\" content=\"2023-02-23T12:02:08+00:00\" \/>\n<meta property=\"og:image\" content=\"http:\/\/www.rauyachts.com\/wp-content\/uploads\/2019\/05\/Path-89-1.svg\" \/>\n<meta name=\"twitter:card\" content=\"summary_large_image\" \/>\n<script type=\"application\/ld+json\" class=\"yoast-schema-graph\">{\"@context\":\"https:\/\/schema.org\",\"@graph\":[{\"@type\":\"WebSite\",\"@id\":\"http:\/\/www.rauyachts.com\/tr\/#website\",\"url\":\"http:\/\/www.rauyachts.com\/tr\/\",\"name\":\"Rau Yachts\",\"description\":\"\",\"potentialAction\":[{\"@type\":\"SearchAction\",\"target\":\"http:\/\/www.rauyachts.com\/tr\/?s={search_term_string}\",\"query-input\":\"required name=search_term_string\"}],\"inLanguage\":\"tr\"},{\"@type\":\"ImageObject\",\"@id\":\"http:\/\/www.rauyachts.com\/contact\/#primaryimage\",\"inLanguage\":\"tr\",\"url\":\"http:\/\/www.rauyachts.com\/wp-content\/uploads\/2019\/05\/Path-89-1.svg\",\"width\":45,\"height\":35},{\"@type\":\"WebPage\",\"@id\":\"http:\/\/www.rauyachts.com\/contact\/#webpage\",\"url\":\"http:\/\/www.rauyachts.com\/contact\/\",\"name\":\"Rau Yachts | Contact | New Generation Yachts in \\u0130zmir\",\"isPartOf\":{\"@id\":\"http:\/\/www.rauyachts.com\/tr\/#website\"},\"primaryImageOfPage\":{\"@id\":\"http:\/\/www.rauyachts.com\/contact\/#primaryimage\"},\"datePublished\":\"2019-05-11T11:24:33+00:00\",\"dateModified\":\"2023-02-23T12:02:08+00:00\",\"description\":\"We produce yachts for you in \\u0130zmir. Design, innovation, technologies, quality is already in our core and our yachts. Get in touch with us.\",\"inLanguage\":\"tr\",\"potentialAction\":[{\"@type\":\"ReadAction\",\"target\":[\"http:\/\/www.rauyachts.com\/contact\/\"]}]}]}<\/script>\n<!-- \/ Yoast SEO plugin. -->","_links":{"self":[{"href":"http:\/\/www.rauyachts.com\/tr\/wp-json\/wp\/v2\/pages\/698"}],"collection":[{"href":"http:\/\/www.rauyachts.com\/tr\/wp-json\/wp\/v2\/pages"}],"about":[{"href":"http:\/\/www.rauyachts.com\/tr\/wp-json\/wp\/v2\/types\/page"}],"author":[{"embeddable":true,"href":"http:\/\/www.rauyachts.com\/tr\/wp-json\/wp\/v2\/users\/1"}],"replies":[{"embeddable":true,"href":"http:\/\/www.rauyachts.com\/tr\/wp-json\/wp\/v2\/comments?post=698"}],"version-history":[{"count":32,"href":"http:\/\/www.rauyachts.com\/tr\/wp-json\/wp\/v2\/pages\/698\/revisions"}],"predecessor-version":[{"id":2048,"href":"http:\/\/www.rauyachts.com\/tr\/wp-json\/wp\/v2\/pages\/698\/revisions\/2048"}],"wp:attachment":[{"href":"http:\/\/www.rauyachts.com\/tr\/wp-json\/wp\/v2\/media?parent=698"}],"curies":[{"name":"wp","href":"https:\/\/api.w.org\/{rel}","templated":true}]}}