{"id":699,"date":"2019-05-11T11:24:24","date_gmt":"2019-05-11T11:24:24","guid":{"rendered":"http:\/\/www.rauyachts.com\/?page_id=699"},"modified":"2020-08-11T15:29:47","modified_gmt":"2020-08-11T15:29:47","slug":"news","status":"publish","type":"page","link":"http:\/\/www.rauyachts.com\/tr\/news\/","title":{"rendered":"Duyurular"},"content":{"rendered":"<div data-elementor-type=\"wp-post\" data-elementor-id=\"699\" class=\"elementor elementor-699\" data-elementor-settings=\"[]\">\n\t\t\t\t\t\t\t<div class=\"elementor-section-wrap\">\n\t\t\t\t\t\t\t<section class=\"elementor-section elementor-top-section elementor-element elementor-element-ec2045b elementor-section-boxed elementor-section-height-default elementor-section-height-default\" data-id=\"ec2045b\" data-element_type=\"section\">\n\t\t\t\t\t\t<div class=\"elementor-container elementor-column-gap-no\">\n\t\t\t\t\t<div class=\"aux-parallax-section elementor-column elementor-col-100 elementor-top-column elementor-element elementor-element-febaaa1\" data-id=\"febaaa1\" data-element_type=\"column\">\n\t\t\t<div class=\"elementor-widget-wrap elementor-element-populated\">\n\t\t\t\t\t\t\t\t<div class=\"elementor-element elementor-element-3c135b1 aux-appear-watch-animation aux-fade-in-up elementor-widget elementor-widget-aux_recent_posts_masonry\" data-id=\"3c135b1\" data-element_type=\"widget\" data-settings=\"{&quot;columns_tablet&quot;:&quot;2&quot;,&quot;columns&quot;:&quot;3&quot;,&quot;columns_mobile&quot;:&quot;1&quot;}\" data-widget_type=\"aux_recent_posts_masonry.default\">\n\t\t\t\t<div class=\"elementor-widget-container\">\n\t\t\t<section class=\"widget-container aux-widget-recent-posts-masonry aux-column-post-entry aux-parent-au38a206bc\" style=\"\" ><div data-element-id=\"au38a206bc\" class=\"aux-masonry-layout  aux-de-col3 aux-tb-col2 aux-mb-col1 aux-ajax-view\"><div class=\"aux-col aux-post-masonry post-678\">\n                        <article class=\"post column-entry post-678 type-post status-publish format-standard has-post-thumbnail hentry category-uncategorized\">\n                                                        <div class=\"entry-media\"><div class=\"aux-media-frame aux-media-image aux-image-mask\"><a href=\"http:\/\/www.rauyachts.com\/tr\/covid-19-updates\/\"><img loading=\"lazy\" width=\"1024\" height=\"934\" src=\"http:\/\/www.rauyachts.com\/wp-content\/uploads\/2019\/05\/covid-40x27.jpg\" class=\"aux-attachment aux-featured-image attachment-1024x934 aux-attachment-id-1686  aux-preload aux-has-preview\" alt=\"covid\" data-ratio=\"1\" data-original-w=\"1400\" sizes=\"auto\" data-srcset=\"http:\/\/www.rauyachts.com\/wp-content\/uploads\/2019\/05\/covid-150x100.jpg 150w,http:\/\/www.rauyachts.com\/wp-content\/uploads\/2019\/05\/covid-300x200.jpg 300w,http:\/\/www.rauyachts.com\/wp-content\/uploads\/2019\/05\/covid-768x512.jpg 768w,http:\/\/www.rauyachts.com\/wp-content\/uploads\/2019\/05\/covid-1024x683.jpg 1024w,http:\/\/www.rauyachts.com\/wp-content\/uploads\/2019\/05\/covid-1024x683.jpg 1024w,http:\/\/www.rauyachts.com\/wp-content\/uploads\/2019\/05\/covid-1390x1390.jpg 1390w\" data-src=\"http:\/\/www.rauyachts.com\/wp-content\/uploads\/2019\/05\/covid-1024x683.jpg\" \/><\/a><\/div><\/div>\n                            \n                            <div class=\"entry-main\">\n                                                        \n                                <header class=\"entry-header\">\n                                \n                                    <h4 class=\"entry-title\">\n                                        <a href=\"http:\/\/www.rauyachts.com\/tr\/covid-19-updates\/\">\n                                            Korona Vir\u00fcs Duyurusu                                        <\/a>\n                                    <\/h4>\n                                                                    <div class=\"entry-format\">\n                                        <a href=\"http:\/\/www.rauyachts.com\/tr\/covid-19-updates\/\">\n                                            <div class=\"post-format format-\"> <\/div>\n                                        <\/a>\n                                    <\/div>\n                                <\/header>\n                            \n                                                            <div class=\"entry-content\">\n                                                                            <p>Dear Concerned,\n\nDue to the Corona (COVID-19) pandemic all the boat shows and ev ...<\/p><div class=\"clear\"><\/div>                                <\/div>\n                                                                                        <footer class=\"entry-meta aux-after-content\">\n                                                                        <div class=\"readmore\">\n                                        <a href=\"http:\/\/www.rauyachts.com\/tr\/covid-19-updates\/\" class=\"aux-read-more\"><span class=\"aux-read-more-text\">Daha Fazlas\u0131<\/span><\/a>\n                                    <\/div>\n                                                                    <\/footer>\n                            \n                            <\/div>\n\n                        <\/article>\n<\/div><div class=\"aux-col aux-post-masonry post-696\">\n                        <article class=\"post column-entry post-696 type-post status-publish format-standard has-post-thumbnail hentry category-uncategorized\">\n                                                        <div class=\"entry-media\"><div class=\"aux-media-frame aux-media-image aux-image-mask\"><a href=\"http:\/\/www.rauyachts.com\/tr\/we-prepare-to-move-to-our-new-yard\/\"><img loading=\"lazy\" width=\"1024\" height=\"934\" src=\"http:\/\/www.rauyachts.com\/wp-content\/uploads\/2019\/05\/rau-fabrika_web-2-40x27.jpg\" class=\"aux-attachment aux-featured-image attachment-1024x934 aux-attachment-id-1918  aux-preload aux-has-preview\" alt=\"rau-fabrika_web-2\" data-ratio=\"1\" data-original-w=\"1400\" sizes=\"auto\" data-srcset=\"http:\/\/www.rauyachts.com\/wp-content\/uploads\/2019\/05\/rau-fabrika_web-2-150x100.jpg 150w,http:\/\/www.rauyachts.com\/wp-content\/uploads\/2019\/05\/rau-fabrika_web-2-300x200.jpg 300w,http:\/\/www.rauyachts.com\/wp-content\/uploads\/2019\/05\/rau-fabrika_web-2-768x512.jpg 768w,http:\/\/www.rauyachts.com\/wp-content\/uploads\/2019\/05\/rau-fabrika_web-2-1024x683.jpg 1024w,http:\/\/www.rauyachts.com\/wp-content\/uploads\/2019\/05\/rau-fabrika_web-2-1024x683.jpg 1024w,http:\/\/www.rauyachts.com\/wp-content\/uploads\/2019\/05\/rau-fabrika_web-2-1390x1390.jpg 1390w\" data-src=\"http:\/\/www.rauyachts.com\/wp-content\/uploads\/2019\/05\/rau-fabrika_web-2-1024x683.jpg\" \/><\/a><\/div><\/div>\n                            \n                            <div class=\"entry-main\">\n                                                        \n                                <header class=\"entry-header\">\n                                \n                                    <h4 class=\"entry-title\">\n                                        <a href=\"http:\/\/www.rauyachts.com\/tr\/we-prepare-to-move-to-our-new-yard\/\">\n                                            Yeni Yerimize Ta\u015f\u0131nmaya Haz\u0131rlan\u0131yoruz                                        <\/a>\n                                    <\/h4>\n                                                                    <div class=\"entry-format\">\n                                        <a href=\"http:\/\/www.rauyachts.com\/tr\/we-prepare-to-move-to-our-new-yard\/\">\n                                            <div class=\"post-format format-\"> <\/div>\n                                        <\/a>\n                                    <\/div>\n                                <\/header>\n                            \n                                                            <div class=\"entry-content\">\n                                                                            <p>Dear concerned,\n\nWe are proud to announce that as RAU yachts we prepare to move  ...<\/p><div class=\"clear\"><\/div>                                <\/div>\n                                                                                        <footer class=\"entry-meta aux-after-content\">\n                                                                        <div class=\"readmore\">\n                                        <a href=\"http:\/\/www.rauyachts.com\/tr\/we-prepare-to-move-to-our-new-yard\/\" class=\"aux-read-more\"><span class=\"aux-read-more-text\">Daha Fazlas\u0131<\/span><\/a>\n                                    <\/div>\n                                                                    <\/footer>\n                            \n                            <\/div>\n\n                        <\/article>\n<\/div><\/div><\/section><!-- widget-container -->\t\t<\/div>\n\t\t\t\t<\/div>\n\t\t\t\t\t<\/div>\n\t\t<\/div>\n\t\t\t\t\t\t\t<\/div>\n\t\t<\/section>\n\t\t\t\t\t\t<\/div>\n\t\t\t\t\t<\/div>","protected":false},"excerpt":{"rendered":"<p>Covid-19 Updates Dear Concerned, Due to the Corona (COVID-19) pandemic all the boat shows and ev &#8230; Read More Lorem Ipsum Dolar &#8220;Lorem ipsum dolor sit amet, consectetur adipiscing elit, sed do eiusmod tempor &#8230; Read More The Boat Scudded Thus Northward During the Whole Day When, while the lovely valley teems with vapour around [&hellip;]<\/p>","protected":false},"author":1,"featured_media":0,"parent":0,"menu_order":0,"comment_status":"closed","ping_status":"closed","template":"templates\/page-builder-content.php","meta":[],"yoast_head":"<!-- This site is optimized with the Yoast SEO plugin v14.6.1 - https:\/\/yoast.com\/wordpress\/plugins\/seo\/ -->\n<title>Rau Yachts | News | \u0130zmir | All About Yachts and Love to Yachts<\/title>\n<meta name=\"description\" content=\"Passion and Love to Yachts. RAU is a name of a dream. We build yachts for you in \u0130zmir. To be updated about us, you can visit us all the time.\" \/>\n<meta name=\"robots\" content=\"index, follow\" \/>\n<meta name=\"googlebot\" content=\"index, follow, max-snippet:-1, max-image-preview:large, max-video-preview:-1\" \/>\n<meta name=\"bingbot\" content=\"index, follow, max-snippet:-1, max-image-preview:large, max-video-preview:-1\" \/>\n<link rel=\"canonical\" href=\"http:\/\/www.rauyachts.com\/tr\/news\/\" \/>\n<meta property=\"og:locale\" content=\"tr_TR\" \/>\n<meta property=\"og:type\" content=\"article\" \/>\n<meta property=\"og:title\" content=\"Rau Yachts | News | \u0130zmir | All About Yachts and Love to Yachts\" \/>\n<meta property=\"og:description\" content=\"Passion and Love to Yachts. RAU is a name of a dream. We build yachts for you in \u0130zmir. To be updated about us, you can visit us all the time.\" \/>\n<meta property=\"og:url\" content=\"http:\/\/www.rauyachts.com\/tr\/news\/\" \/>\n<meta property=\"og:site_name\" content=\"Rau Yachts\" \/>\n<meta property=\"article:modified_time\" content=\"2020-08-11T15:29:47+00:00\" \/>\n<meta property=\"og:image\" content=\"http:\/\/www.rauyachts.com\/wp-content\/uploads\/2019\/05\/hands-with-latex-gloves-holding-a-globe-with-a-face-mask-4167544-scaled-27x40.jpg\" \/>\n<meta name=\"twitter:card\" content=\"summary_large_image\" \/>\n<script type=\"application\/ld+json\" class=\"yoast-schema-graph\">{\"@context\":\"https:\/\/schema.org\",\"@graph\":[{\"@type\":\"WebSite\",\"@id\":\"http:\/\/www.rauyachts.com\/tr\/#website\",\"url\":\"http:\/\/www.rauyachts.com\/tr\/\",\"name\":\"Rau Yachts\",\"description\":\"\",\"potentialAction\":[{\"@type\":\"SearchAction\",\"target\":\"http:\/\/www.rauyachts.com\/tr\/?s={search_term_string}\",\"query-input\":\"required name=search_term_string\"}],\"inLanguage\":\"tr\"},{\"@type\":\"ImageObject\",\"@id\":\"http:\/\/www.rauyachts.com\/news\/#primaryimage\",\"inLanguage\":\"tr\",\"url\":\"http:\/\/www.rauyachts.com\/wp-content\/uploads\/2019\/05\/hands-with-latex-gloves-holding-a-globe-with-a-face-mask-4167544-scaled.jpg\",\"width\":1707,\"height\":2560},{\"@type\":\"WebPage\",\"@id\":\"http:\/\/www.rauyachts.com\/news\/#webpage\",\"url\":\"http:\/\/www.rauyachts.com\/news\/\",\"name\":\"Rau Yachts | News | \\u0130zmir | All About Yachts and Love to Yachts\",\"isPartOf\":{\"@id\":\"http:\/\/www.rauyachts.com\/tr\/#website\"},\"primaryImageOfPage\":{\"@id\":\"http:\/\/www.rauyachts.com\/news\/#primaryimage\"},\"datePublished\":\"2019-05-11T11:24:24+00:00\",\"dateModified\":\"2020-08-11T15:29:47+00:00\",\"description\":\"Passion and Love to Yachts. RAU is a name of a dream. We build yachts for you in \\u0130zmir. To be updated about us, you can visit us all the time.\",\"inLanguage\":\"tr\",\"potentialAction\":[{\"@type\":\"ReadAction\",\"target\":[\"http:\/\/www.rauyachts.com\/news\/\"]}]}]}<\/script>\n<!-- \/ Yoast SEO plugin. -->","_links":{"self":[{"href":"http:\/\/www.rauyachts.com\/tr\/wp-json\/wp\/v2\/pages\/699"}],"collection":[{"href":"http:\/\/www.rauyachts.com\/tr\/wp-json\/wp\/v2\/pages"}],"about":[{"href":"http:\/\/www.rauyachts.com\/tr\/wp-json\/wp\/v2\/types\/page"}],"author":[{"embeddable":true,"href":"http:\/\/www.rauyachts.com\/tr\/wp-json\/wp\/v2\/users\/1"}],"replies":[{"embeddable":true,"href":"http:\/\/www.rauyachts.com\/tr\/wp-json\/wp\/v2\/comments?post=699"}],"version-history":[{"count":5,"href":"http:\/\/www.rauyachts.com\/tr\/wp-json\/wp\/v2\/pages\/699\/revisions"}],"predecessor-version":[{"id":1891,"href":"http:\/\/www.rauyachts.com\/tr\/wp-json\/wp\/v2\/pages\/699\/revisions\/1891"}],"wp:attachment":[{"href":"http:\/\/www.rauyachts.com\/tr\/wp-json\/wp\/v2\/media?parent=699"}],"curies":[{"name":"wp","href":"https:\/\/api.w.org\/{rel}","templated":true}]}}